{"id":6526,"date":"2024-11-30T11:08:20","date_gmt":"2024-11-30T10:08:20","guid":{"rendered":"https:\/\/www.fcimpianti.net\/automazione\/"},"modified":"2025-04-16T16:07:14","modified_gmt":"2025-04-16T14:07:14","slug":"automazione","status":"publish","type":"page","link":"https:\/\/www.fcimpianti.net\/fr\/automazione\/","title":{"rendered":"Automatisation"},"content":{"rendered":"\t\t<div data-elementor-type=\"wp-page\" data-elementor-id=\"6526\" class=\"elementor elementor-6526 elementor-6487\">\n\t\t\t\t\t\t<section class=\"elementor-section elementor-top-section elementor-element elementor-element-c287a24 elementor-section-full_width elementor-section-height-default elementor-section-height-default qodef-elementor-content-no\" data-id=\"c287a24\" data-element_type=\"section\">\n\t\t\t\t\t\t<div class=\"elementor-container elementor-column-gap-default\">\n\t\t\t\t\t<div class=\"elementor-column elementor-col-100 elementor-top-column elementor-element elementor-element-4aee171\" data-id=\"4aee171\" data-element_type=\"column\">\n\t\t\t<div class=\"elementor-widget-wrap elementor-element-populated\">\n\t\t\t\t\t\t<div class=\"elementor-element elementor-element-30adb17 elementor-widget elementor-widget-stal_core_holder_with_image\" data-id=\"30adb17\" data-element_type=\"widget\" data-widget_type=\"stal_core_holder_with_image.default\">\n\t\t\t\t<div class=\"elementor-widget-container\">\n\t\t\t\t\t<div class=\"qodef-shortcode qodef-m  qodef-holder-with-image qodef-layout--image-left qodef-disable-below--1024 qodef-appear-animation-enabled--no\" >\n\t<div class=\"qodef-m-inner\">\n\t\t<img decoding=\"async\" class=\"qodef-m-image\" src=\"https:\/\/www.fcimpianti.net\/wp-content\/uploads\/2024\/11\/003.jpg\" alt=\"\"  \/>\t\t<div class=\"qodef-m-content\" >\n\t\t\t<div data-elementor-type=\"section\" data-elementor-id=\"6528\" class=\"elementor elementor-6528 elementor-6489\">\n\t\t\t\t\t\t<section class=\"elementor-section elementor-top-section elementor-element elementor-element-df80563 qodef-elementor-content-grid elementor-section-full_width elementor-section-height-default elementor-section-height-default\" data-id=\"df80563\" data-element_type=\"section\">\n\t\t\t\t\t\t<div class=\"elementor-container elementor-column-gap-default\">\n\t\t\t\t\t<div class=\"elementor-column elementor-col-50 elementor-top-column elementor-element elementor-element-8edbea5\" data-id=\"8edbea5\" data-element_type=\"column\">\n\t\t\t<div class=\"elementor-widget-wrap elementor-element-populated\">\n\t\t\t\t\t\t<div class=\"elementor-element elementor-element-a4df636 elementor-widget elementor-widget-stal_core_section_title\" data-id=\"a4df636\" data-element_type=\"widget\" data-widget_type=\"stal_core_section_title.default\">\n\t\t\t\t<div class=\"elementor-widget-container\">\n\t\t\t\t\t<div class=\"qodef-shortcode qodef-m  qodef-section-title qodef-alignment--left  \">\n\t\t<div class=\"qodef-m-title-wrap\">\n\t\t<h2 class=\"qodef-m-title\" >\n\t\t\t\t\tRobots anthropomorphes\t\t\t<\/h2>\n\t\n\t<\/div>\n\t\t<p class=\"qodef-m-text\" style=\"margin-top: 20px;font-size: 19px;line-height: 30px\">Conception et mise en \u0153uvre de l&#039;automatisation \u00e0 l&#039;aide de robots anthropomorphes. D\u00e9veloppement d&#039;\u00e9quipements sp\u00e9cifiques pour des installations existantes ou des \u00eelots de travail complets. <\/p>\n<\/div>\t\t\t\t<\/div>\n\t\t\t\t<\/div>\n\t\t\t\t\t<\/div>\n\t\t<\/div>\n\t\t\t\t<div class=\"elementor-column elementor-col-50 elementor-top-column elementor-element elementor-element-d280105\" data-id=\"d280105\" data-element_type=\"column\">\n\t\t\t<div class=\"elementor-widget-wrap\">\n\t\t\t\t\t\t\t<\/div>\n\t\t<\/div>\n\t\t\t\t\t<\/div>\n\t\t<\/section>\n\t\t\t\t<\/div>\n\t\t<\/div>\n\t<\/div>\n<\/div>\t\t\t\t<\/div>\n\t\t\t\t<\/div>\n\t\t\t\t\t<\/div>\n\t\t<\/div>\n\t\t\t\t\t<\/div>\n\t\t<\/section>\n\t\t\t\t<section class=\"elementor-section elementor-top-section elementor-element elementor-element-d6db86f elementor-section-full_width elementor-section-height-default elementor-section-height-default qodef-elementor-content-no\" data-id=\"d6db86f\" data-element_type=\"section\">\n\t\t\t\t\t\t<div class=\"elementor-container elementor-column-gap-default\">\n\t\t\t\t\t<div class=\"elementor-column elementor-col-100 elementor-top-column elementor-element elementor-element-3c8ca6d\" data-id=\"3c8ca6d\" data-element_type=\"column\">\n\t\t\t<div class=\"elementor-widget-wrap elementor-element-populated\">\n\t\t\t\t\t\t<div class=\"elementor-element elementor-element-93a26e9 elementor-widget elementor-widget-stal_core_holder_with_image\" data-id=\"93a26e9\" data-element_type=\"widget\" data-widget_type=\"stal_core_holder_with_image.default\">\n\t\t\t\t<div class=\"elementor-widget-container\">\n\t\t\t\t\t<div class=\"qodef-shortcode qodef-m  qodef-holder-with-image qodef-layout--image-right qodef-disable-below--1024 qodef-appear-animation-enabled--no\" >\n\t<div class=\"qodef-m-inner\">\n\t\t<div class=\"qodef-m-content\" >\n\t\t\t<div data-elementor-type=\"section\" data-elementor-id=\"6796\" class=\"elementor elementor-6796 elementor-6791\">\n\t\t\t\t\t\t<section class=\"elementor-section elementor-top-section elementor-element elementor-element-df80563 qodef-elementor-content-grid elementor-section-full_width elementor-section-height-default elementor-section-height-default\" data-id=\"df80563\" data-element_type=\"section\">\n\t\t\t\t\t\t<div class=\"elementor-container elementor-column-gap-default\">\n\t\t\t\t\t<div class=\"elementor-column elementor-col-50 elementor-top-column elementor-element elementor-element-8edbea5\" data-id=\"8edbea5\" data-element_type=\"column\">\n\t\t\t<div class=\"elementor-widget-wrap elementor-element-populated\">\n\t\t\t\t\t\t<div class=\"elementor-element elementor-element-a4df636 elementor-widget elementor-widget-stal_core_section_title\" data-id=\"a4df636\" data-element_type=\"widget\" data-widget_type=\"stal_core_section_title.default\">\n\t\t\t\t<div class=\"elementor-widget-container\">\n\t\t\t\t\t<div class=\"qodef-shortcode qodef-m  qodef-section-title qodef-alignment--left  \">\n\t\t<div class=\"qodef-m-title-wrap\">\n\t\t<h2 class=\"qodef-m-title\" >\n\t\t\t\t\tRobots cart\u00e9siens\t\t\t<\/h2>\n\t\n\t<\/div>\n\t\t<p class=\"qodef-m-text\" style=\"margin-top: 20px;font-size: 19px;line-height: 30px\">Conception et r\u00e9alisation de robots cart\u00e9siens \u00e0 portail avec ou sans syst\u00e8mes de transport auxiliaires.<\/p>\n<\/div>\t\t\t\t<\/div>\n\t\t\t\t<\/div>\n\t\t\t\t\t<\/div>\n\t\t<\/div>\n\t\t\t\t<div class=\"elementor-column elementor-col-50 elementor-top-column elementor-element elementor-element-d280105\" data-id=\"d280105\" data-element_type=\"column\">\n\t\t\t<div class=\"elementor-widget-wrap\">\n\t\t\t\t\t\t\t<\/div>\n\t\t<\/div>\n\t\t\t\t\t<\/div>\n\t\t<\/section>\n\t\t\t\t<\/div>\n\t\t<\/div>\n\t\t<img decoding=\"async\" class=\"qodef-m-image\" src=\"https:\/\/www.fcimpianti.net\/wp-content\/uploads\/2024\/11\/001.jpg\" alt=\"\"  \/>\t<\/div>\n<\/div>\t\t\t\t<\/div>\n\t\t\t\t<\/div>\n\t\t\t\t\t<\/div>\n\t\t<\/div>\n\t\t\t\t\t<\/div>\n\t\t<\/section>\n\t\t\t\t<section class=\"elementor-section elementor-top-section elementor-element elementor-element-d3512c9 elementor-section-full_width elementor-section-height-default elementor-section-height-default qodef-elementor-content-no\" data-id=\"d3512c9\" data-element_type=\"section\">\n\t\t\t\t\t\t<div class=\"elementor-container elementor-column-gap-default\">\n\t\t\t\t\t<div class=\"elementor-column elementor-col-100 elementor-top-column elementor-element elementor-element-9555c06\" data-id=\"9555c06\" data-element_type=\"column\">\n\t\t\t<div class=\"elementor-widget-wrap elementor-element-populated\">\n\t\t\t\t\t\t<div class=\"elementor-element elementor-element-e9b86d5 elementor-widget elementor-widget-stal_core_holder_with_image\" data-id=\"e9b86d5\" data-element_type=\"widget\" data-widget_type=\"stal_core_holder_with_image.default\">\n\t\t\t\t<div class=\"elementor-widget-container\">\n\t\t\t\t\t<div class=\"qodef-shortcode qodef-m  qodef-holder-with-image qodef-layout--image-left qodef-disable-below--1024 qodef-appear-animation-enabled--no\" >\n\t<div class=\"qodef-m-inner\">\n\t\t<img decoding=\"async\" class=\"qodef-m-image\" src=\"https:\/\/www.fcimpianti.net\/wp-content\/uploads\/2024\/11\/006.jpg\" alt=\"\"  \/>\t\t<div class=\"qodef-m-content\" >\n\t\t\t<div data-elementor-type=\"section\" data-elementor-id=\"6530\" class=\"elementor elementor-6530 elementor-6514\">\n\t\t\t\t\t\t<section class=\"elementor-section elementor-top-section elementor-element elementor-element-df80563 qodef-elementor-content-grid elementor-section-full_width elementor-section-height-default elementor-section-height-default\" data-id=\"df80563\" data-element_type=\"section\">\n\t\t\t\t\t\t<div class=\"elementor-container elementor-column-gap-default\">\n\t\t\t\t\t<div class=\"elementor-column elementor-col-50 elementor-top-column elementor-element elementor-element-8edbea5\" data-id=\"8edbea5\" data-element_type=\"column\">\n\t\t\t<div class=\"elementor-widget-wrap elementor-element-populated\">\n\t\t\t\t\t\t<div class=\"elementor-element elementor-element-a4df636 elementor-widget elementor-widget-stal_core_section_title\" data-id=\"a4df636\" data-element_type=\"widget\" data-widget_type=\"stal_core_section_title.default\">\n\t\t\t\t<div class=\"elementor-widget-container\">\n\t\t\t\t\t<div class=\"qodef-shortcode qodef-m  qodef-section-title qodef-alignment--left  \">\n\t\t<div class=\"qodef-m-title-wrap\">\n\t\t<h2 class=\"qodef-m-title\" >\n\t\t\t\t\tMachines sp\u00e9ciales\t\t\t<\/h2>\n\t\n\t<\/div>\n\t\t<p class=\"qodef-m-text\" style=\"margin-top: 20px;font-size: 19px;line-height: 30px\">Machines sp\u00e9ciales sur mesure pour toutes les applications, convoyeurs, magasins automatiques, syst\u00e8mes de but\u00e9e pour \u00eelots robotis\u00e9s, s\u00e9parateurs, etc.<\/p>\n<\/div>\t\t\t\t<\/div>\n\t\t\t\t<\/div>\n\t\t\t\t\t<\/div>\n\t\t<\/div>\n\t\t\t\t<div class=\"elementor-column elementor-col-50 elementor-top-column elementor-element elementor-element-d280105\" data-id=\"d280105\" data-element_type=\"column\">\n\t\t\t<div class=\"elementor-widget-wrap\">\n\t\t\t\t\t\t\t<\/div>\n\t\t<\/div>\n\t\t\t\t\t<\/div>\n\t\t<\/section>\n\t\t\t\t<\/div>\n\t\t<\/div>\n\t<\/div>\n<\/div>\t\t\t\t<\/div>\n\t\t\t\t<\/div>\n\t\t\t\t\t<\/div>\n\t\t<\/div>\n\t\t\t\t\t<\/div>\n\t\t<\/section>\n\t\t\t\t<\/div>\n\t\t","protected":false},"excerpt":{"rendered":"<p>Robots anthropomorphes Conception et mise en \u0153uvre de l&#039;automatisation \u00e0 l&#039;aide de robots anthropomorphes. D\u00e9veloppement d&#039;\u00e9quipements sp\u00e9cifiques pour des installations existantes ou des \u00eelots de travail complets. Robots cart\u00e9siens Conception et r\u00e9alisation de robots cart\u00e9siens \u00e0 portail avec ou sans syst\u00e8mes de transport auxiliaires. Machines sp\u00e9ciales Machines sp\u00e9ciales sur mesure pour toutes les applications, convoyeurs, [&hellip;]<\/p>\n","protected":false},"author":1,"featured_media":0,"parent":0,"menu_order":0,"comment_status":"closed","ping_status":"closed","template":"page-full-width.php","meta":{"footnotes":""},"class_list":["post-6526","page","type-page","status-publish","hentry"],"yoast_head":"<!-- This site is optimized with the Yoast SEO plugin v25.2 - https:\/\/yoast.com\/wordpress\/plugins\/seo\/ -->\n<title>Automatisation - FC Impianti \u2013 Progetta, realizza ed installa impianti<\/title>\n<meta name=\"robots\" content=\"index, follow, max-snippet:-1, max-image-preview:large, max-video-preview:-1\" \/>\n<link rel=\"canonical\" href=\"https:\/\/www.fcimpianti.net\/automazione\/\" \/>\n<meta property=\"og:locale\" content=\"fr_FR\" \/>\n<meta property=\"og:type\" content=\"article\" \/>\n<meta property=\"og:title\" content=\"Automatisation - FC Impianti \u2013 Progetta, realizza ed installa impianti\" \/>\n<meta property=\"og:description\" content=\"Robots anthropomorphes Conception et mise en \u0153uvre de l&#039;automatisation \u00e0 l&#039;aide de robots anthropomorphes. D\u00e9veloppement d&#039;\u00e9quipements sp\u00e9cifiques pour des installations existantes ou des \u00eelots de travail complets. Robots cart\u00e9siens Conception et r\u00e9alisation de robots cart\u00e9siens \u00e0 portail avec ou sans syst\u00e8mes de transport auxiliaires. Machines sp\u00e9ciales Machines sp\u00e9ciales sur mesure pour toutes les applications, convoyeurs, [&hellip;]\" \/>\n<meta property=\"og:url\" content=\"https:\/\/www.fcimpianti.net\/automazione\/\" \/>\n<meta property=\"og:site_name\" content=\"FC Impianti \u2013 Progetta, realizza ed installa impianti\" \/>\n<meta property=\"article:modified_time\" content=\"2025-04-16T14:07:14+00:00\" \/>\n<meta property=\"og:image\" content=\"https:\/\/www.fcimpianti.net\/wp-content\/uploads\/2024\/11\/003.jpg\" \/>\n<meta name=\"twitter:card\" content=\"summary_large_image\" \/>\n<script type=\"application\/ld+json\" class=\"yoast-schema-graph\">{\"@context\":\"https:\/\/schema.org\",\"@graph\":[{\"@type\":\"WebPage\",\"@id\":\"https:\/\/www.fcimpianti.net\/automazione\/\",\"url\":\"https:\/\/www.fcimpianti.net\/automazione\/\",\"name\":\"Automatisation - FC Impianti \u2013 Progetta, realizza ed installa impianti\",\"isPartOf\":{\"@id\":\"https:\/\/www.fcimpianti.net\/#website\"},\"primaryImageOfPage\":{\"@id\":\"https:\/\/www.fcimpianti.net\/automazione\/#primaryimage\"},\"image\":{\"@id\":\"https:\/\/www.fcimpianti.net\/automazione\/#primaryimage\"},\"thumbnailUrl\":\"https:\/\/www.fcimpianti.net\/wp-content\/uploads\/2024\/11\/003.jpg\",\"datePublished\":\"2024-11-30T10:08:20+00:00\",\"dateModified\":\"2025-04-16T14:07:14+00:00\",\"breadcrumb\":{\"@id\":\"https:\/\/www.fcimpianti.net\/automazione\/#breadcrumb\"},\"inLanguage\":\"fr-FR\",\"potentialAction\":[{\"@type\":\"ReadAction\",\"target\":[\"https:\/\/www.fcimpianti.net\/automazione\/\"]}]},{\"@type\":\"ImageObject\",\"inLanguage\":\"fr-FR\",\"@id\":\"https:\/\/www.fcimpianti.net\/automazione\/#primaryimage\",\"url\":\"https:\/\/www.fcimpianti.net\/wp-content\/uploads\/2024\/11\/003.jpg\",\"contentUrl\":\"https:\/\/www.fcimpianti.net\/wp-content\/uploads\/2024\/11\/003.jpg\"},{\"@type\":\"BreadcrumbList\",\"@id\":\"https:\/\/www.fcimpianti.net\/automazione\/#breadcrumb\",\"itemListElement\":[{\"@type\":\"ListItem\",\"position\":1,\"name\":\"Home\",\"item\":\"https:\/\/www.fcimpianti.net\/\"},{\"@type\":\"ListItem\",\"position\":2,\"name\":\"Automatisation\"}]},{\"@type\":\"WebSite\",\"@id\":\"https:\/\/www.fcimpianti.net\/#website\",\"url\":\"https:\/\/www.fcimpianti.net\/\",\"name\":\"FC Impianti\",\"description\":\"\",\"publisher\":{\"@id\":\"https:\/\/www.fcimpianti.net\/#organization\"},\"potentialAction\":[{\"@type\":\"SearchAction\",\"target\":{\"@type\":\"EntryPoint\",\"urlTemplate\":\"https:\/\/www.fcimpianti.net\/?s={search_term_string}\"},\"query-input\":{\"@type\":\"PropertyValueSpecification\",\"valueRequired\":true,\"valueName\":\"search_term_string\"}}],\"inLanguage\":\"fr-FR\"},{\"@type\":\"Organization\",\"@id\":\"https:\/\/www.fcimpianti.net\/#organization\",\"name\":\"FC Impianti\",\"url\":\"https:\/\/www.fcimpianti.net\/\",\"logo\":{\"@type\":\"ImageObject\",\"inLanguage\":\"fr-FR\",\"@id\":\"https:\/\/www.fcimpianti.net\/#\/schema\/logo\/image\/\",\"url\":\"https:\/\/www.fcimpianti.net\/wp-content\/uploads\/2025\/05\/cropped-favicon.jpg\",\"contentUrl\":\"https:\/\/www.fcimpianti.net\/wp-content\/uploads\/2025\/05\/cropped-favicon.jpg\",\"width\":512,\"height\":512,\"caption\":\"FC Impianti\"},\"image\":{\"@id\":\"https:\/\/www.fcimpianti.net\/#\/schema\/logo\/image\/\"}}]}<\/script>\n<!-- \/ Yoast SEO plugin. -->","yoast_head_json":{"title":"Automatisation - FC Impianti \u2013 Progetta, realizza ed installa impianti","robots":{"index":"index","follow":"follow","max-snippet":"max-snippet:-1","max-image-preview":"max-image-preview:large","max-video-preview":"max-video-preview:-1"},"canonical":"https:\/\/www.fcimpianti.net\/automazione\/","og_locale":"fr_FR","og_type":"article","og_title":"Automatisation - FC Impianti \u2013 Progetta, realizza ed installa impianti","og_description":"Robots anthropomorphes Conception et mise en \u0153uvre de l&#039;automatisation \u00e0 l&#039;aide de robots anthropomorphes. D\u00e9veloppement d&#039;\u00e9quipements sp\u00e9cifiques pour des installations existantes ou des \u00eelots de travail complets. Robots cart\u00e9siens Conception et r\u00e9alisation de robots cart\u00e9siens \u00e0 portail avec ou sans syst\u00e8mes de transport auxiliaires. Machines sp\u00e9ciales Machines sp\u00e9ciales sur mesure pour toutes les applications, convoyeurs, [&hellip;]","og_url":"https:\/\/www.fcimpianti.net\/automazione\/","og_site_name":"FC Impianti \u2013 Progetta, realizza ed installa impianti","article_modified_time":"2025-04-16T14:07:14+00:00","og_image":[{"url":"https:\/\/www.fcimpianti.net\/wp-content\/uploads\/2024\/11\/003.jpg","type":"","width":"","height":""}],"twitter_card":"summary_large_image","schema":{"@context":"https:\/\/schema.org","@graph":[{"@type":"WebPage","@id":"https:\/\/www.fcimpianti.net\/automazione\/","url":"https:\/\/www.fcimpianti.net\/automazione\/","name":"Automatisation - FC Impianti \u2013 Progetta, realizza ed installa impianti","isPartOf":{"@id":"https:\/\/www.fcimpianti.net\/#website"},"primaryImageOfPage":{"@id":"https:\/\/www.fcimpianti.net\/automazione\/#primaryimage"},"image":{"@id":"https:\/\/www.fcimpianti.net\/automazione\/#primaryimage"},"thumbnailUrl":"https:\/\/www.fcimpianti.net\/wp-content\/uploads\/2024\/11\/003.jpg","datePublished":"2024-11-30T10:08:20+00:00","dateModified":"2025-04-16T14:07:14+00:00","breadcrumb":{"@id":"https:\/\/www.fcimpianti.net\/automazione\/#breadcrumb"},"inLanguage":"fr-FR","potentialAction":[{"@type":"ReadAction","target":["https:\/\/www.fcimpianti.net\/automazione\/"]}]},{"@type":"ImageObject","inLanguage":"fr-FR","@id":"https:\/\/www.fcimpianti.net\/automazione\/#primaryimage","url":"https:\/\/www.fcimpianti.net\/wp-content\/uploads\/2024\/11\/003.jpg","contentUrl":"https:\/\/www.fcimpianti.net\/wp-content\/uploads\/2024\/11\/003.jpg"},{"@type":"BreadcrumbList","@id":"https:\/\/www.fcimpianti.net\/automazione\/#breadcrumb","itemListElement":[{"@type":"ListItem","position":1,"name":"Home","item":"https:\/\/www.fcimpianti.net\/"},{"@type":"ListItem","position":2,"name":"Automatisation"}]},{"@type":"WebSite","@id":"https:\/\/www.fcimpianti.net\/#website","url":"https:\/\/www.fcimpianti.net\/","name":"FC Impianti","description":"","publisher":{"@id":"https:\/\/www.fcimpianti.net\/#organization"},"potentialAction":[{"@type":"SearchAction","target":{"@type":"EntryPoint","urlTemplate":"https:\/\/www.fcimpianti.net\/?s={search_term_string}"},"query-input":{"@type":"PropertyValueSpecification","valueRequired":true,"valueName":"search_term_string"}}],"inLanguage":"fr-FR"},{"@type":"Organization","@id":"https:\/\/www.fcimpianti.net\/#organization","name":"FC Impianti","url":"https:\/\/www.fcimpianti.net\/","logo":{"@type":"ImageObject","inLanguage":"fr-FR","@id":"https:\/\/www.fcimpianti.net\/#\/schema\/logo\/image\/","url":"https:\/\/www.fcimpianti.net\/wp-content\/uploads\/2025\/05\/cropped-favicon.jpg","contentUrl":"https:\/\/www.fcimpianti.net\/wp-content\/uploads\/2025\/05\/cropped-favicon.jpg","width":512,"height":512,"caption":"FC Impianti"},"image":{"@id":"https:\/\/www.fcimpianti.net\/#\/schema\/logo\/image\/"}}]}},"_links":{"self":[{"href":"https:\/\/www.fcimpianti.net\/fr\/wp-json\/wp\/v2\/pages\/6526","targetHints":{"allow":["GET"]}}],"collection":[{"href":"https:\/\/www.fcimpianti.net\/fr\/wp-json\/wp\/v2\/pages"}],"about":[{"href":"https:\/\/www.fcimpianti.net\/fr\/wp-json\/wp\/v2\/types\/page"}],"author":[{"embeddable":true,"href":"https:\/\/www.fcimpianti.net\/fr\/wp-json\/wp\/v2\/users\/1"}],"replies":[{"embeddable":true,"href":"https:\/\/www.fcimpianti.net\/fr\/wp-json\/wp\/v2\/comments?post=6526"}],"version-history":[{"count":14,"href":"https:\/\/www.fcimpianti.net\/fr\/wp-json\/wp\/v2\/pages\/6526\/revisions"}],"predecessor-version":[{"id":7043,"href":"https:\/\/www.fcimpianti.net\/fr\/wp-json\/wp\/v2\/pages\/6526\/revisions\/7043"}],"wp:attachment":[{"href":"https:\/\/www.fcimpianti.net\/fr\/wp-json\/wp\/v2\/media?parent=6526"}],"curies":[{"name":"wp","href":"https:\/\/api.w.org\/{rel}","templated":true}]}}