{"id":6426,"date":"2020-02-18T15:10:23","date_gmt":"2020-02-18T14:10:23","guid":{"rendered":"https:\/\/www.fcimpianti.net\/chi-siamo\/"},"modified":"2025-05-27T15:00:30","modified_gmt":"2025-05-27T13:00:30","slug":"qui-sommes-nous","status":"publish","type":"page","link":"https:\/\/www.fcimpianti.net\/fr\/qui-sommes-nous\/","title":{"rendered":"Qui sommes-nous"},"content":{"rendered":"\t\t<div data-elementor-type=\"wp-page\" data-elementor-id=\"6426\" class=\"elementor elementor-6426 elementor-2174\">\n\t\t\t\t\t\t<section class=\"elementor-section elementor-top-section elementor-element elementor-element-3545c85 qodef-elementor-content-grid elementor-section-boxed elementor-section-height-default elementor-section-height-default\" data-id=\"3545c85\" data-element_type=\"section\">\n\t\t\t\t\t\t<div class=\"elementor-container elementor-column-gap-default\">\n\t\t\t\t\t<div class=\"elementor-column elementor-col-100 elementor-top-column elementor-element elementor-element-32e705b\" data-id=\"32e705b\" data-element_type=\"column\">\n\t\t\t<div class=\"elementor-widget-wrap elementor-element-populated\">\n\t\t\t\t\t\t<div class=\"elementor-element elementor-element-a956883 elementor-widget elementor-widget-stal_core_section_title\" data-id=\"a956883\" data-element_type=\"widget\" data-widget_type=\"stal_core_section_title.default\">\n\t\t\t\t<div class=\"elementor-widget-container\">\n\t\t\t\t\t<div class=\"qodef-shortcode qodef-m  qodef-section-title qodef-alignment--left  \">\n\t\t<div class=\"qodef-m-title-wrap\">\n\t\t<h3 class=\"qodef-m-title\" >\n\t\t\t\t\tFC Impianti\t\t\t<\/h3>\n\t\n\t<\/div>\n\t<\/div>\t\t\t\t<\/div>\n\t\t\t\t<\/div>\n\t\t\t\t\t<\/div>\n\t\t<\/div>\n\t\t\t\t\t<\/div>\n\t\t<\/section>\n\t\t\t\t<section class=\"elementor-section elementor-top-section elementor-element elementor-element-3dd13ec qodef-elementor-content-grid elementor-section-boxed elementor-section-height-default elementor-section-height-default\" data-id=\"3dd13ec\" data-element_type=\"section\">\n\t\t\t\t\t\t<div class=\"elementor-container elementor-column-gap-default\">\n\t\t\t\t\t<div class=\"elementor-column elementor-col-50 elementor-top-column elementor-element elementor-element-b36273a\" data-id=\"b36273a\" data-element_type=\"column\">\n\t\t\t<div class=\"elementor-widget-wrap elementor-element-populated\">\n\t\t\t\t\t\t<div class=\"elementor-element elementor-element-a4c39a1 elementor-widget elementor-widget-text-editor\" data-id=\"a4c39a1\" data-element_type=\"widget\" data-widget_type=\"text-editor.default\">\n\t\t\t\t<div class=\"elementor-widget-container\">\n\t\t\t\t\t\t\t\t\t<p><strong>FC IMPIANTI<\/strong> est n\u00e9e en 2000 de l&rsquo;esprit entrepreneurial de Fausto et Marco Colombo et Alessandro Gatti. <br \/><br \/>Initialement structur\u00e9e comme petite entreprise quasiment familiale, <strong>FC Impianti <\/strong>se d\u00e9veloppe rapidement en relevant le d\u00e9fi d\u2019entreprises locales, pour lesquelles elle r\u00e9alise les premi\u00e8res lignes d&rsquo;automatisation dans le secteur des bouteilles GPL, jusqu&rsquo;\u00e0 la phase la plus r\u00e9cente qui la voit devenir une r\u00e9f\u00e9rence dans le secteur.<\/p><p>Gr\u00e2ce \u00e0 l&rsquo;exp\u00e9rience cultiv\u00e9e et surtout \u00e0 la qualit\u00e9 du made in Italy qui nous distingue, nous sommes aujourd&rsquo;hui fiers de rivaliser <strong>sur le march\u00e9 international.<\/strong><\/p>\t\t\t\t\t\t\t\t<\/div>\n\t\t\t\t<\/div>\n\t\t\t\t\t<\/div>\n\t\t<\/div>\n\t\t\t\t<div class=\"elementor-column elementor-col-50 elementor-top-column elementor-element elementor-element-f7c0669\" data-id=\"f7c0669\" data-element_type=\"column\">\n\t\t\t<div class=\"elementor-widget-wrap elementor-element-populated\">\n\t\t\t\t\t\t<div class=\"elementor-element elementor-element-68948a7 elementor-widget elementor-widget-text-editor\" data-id=\"68948a7\" data-element_type=\"widget\" data-widget_type=\"text-editor.default\">\n\t\t\t\t<div class=\"elementor-widget-container\">\n\t\t\t\t\t\t\t\t\t<p>Nous disposons de deux hangars d\u00e9di\u00e9s exclusivement \u00e0 l&rsquo;assemblage des machines pour une surface couverte totale de 2 000 m\u00b2 et d&rsquo;un autre hangar adjacent o\u00f9 se trouve le d\u00e9partement \u00e9quip\u00e9 de charpenterie m\u00e9tallique pour 3 500 m\u00b2 suppl\u00e9mentaires couverts.<\/p><p>Notre portefeuille va de l&rsquo;ing\u00e9nierie \u00e0 la gestion et \u00e0 l&rsquo;\u00e9tude de projets sur mesure, en passant par l&rsquo;\u00e9quipement, les machines standard et sp\u00e9ciales \u00ab\u00a0sur mesure\u00a0\u00bb, les pi\u00e8ces de rechange, les services apr\u00e8s-vente et bien plus encore.<\/p><p>Nous sommes heureux et fiers de participer au succ\u00e8s de nos clients, non seulement pour les r\u00e9sultats de l&rsquo;entreprise \u00e0 court terme, mais aussi pour la transformation de l&rsquo;entreprise \u00e0 long terme.<\/p><p>Une fiert\u00e9 d&rsquo;entreprise qui ne repr\u00e9sente cependant pas un simple objectif, mais un engagement, avec un d\u00e9vouement constant pour s&rsquo;am\u00e9liorer et se d\u00e9velopper gr\u00e2ce \u00e0 la mise \u00e0 jour technologique et professionnelle continue.<\/p>\t\t\t\t\t\t\t\t<\/div>\n\t\t\t\t<\/div>\n\t\t\t\t\t<\/div>\n\t\t<\/div>\n\t\t\t\t\t<\/div>\n\t\t<\/section>\n\t\t\t\t<section class=\"elementor-section elementor-top-section elementor-element elementor-element-8b4c9f5 elementor-section-full_width elementor-section-height-default elementor-section-height-default qodef-elementor-content-no\" data-id=\"8b4c9f5\" data-element_type=\"section\">\n\t\t\t\t\t\t<div class=\"elementor-container elementor-column-gap-default\">\n\t\t\t\t\t<div class=\"elementor-column elementor-col-100 elementor-top-column elementor-element elementor-element-db078f1\" data-id=\"db078f1\" data-element_type=\"column\">\n\t\t\t<div class=\"elementor-widget-wrap elementor-element-populated\">\n\t\t\t\t\t\t<div class=\"elementor-element elementor-element-e9db131 elementor-widget elementor-widget-stal_core_video_button\" data-id=\"e9db131\" data-element_type=\"widget\" data-widget_type=\"stal_core_video_button.default\">\n\t\t\t\t<div class=\"elementor-widget-container\">\n\t\t\t\t\t<div class=\"qodef-shortcode qodef-m  qodef-video-button  qodef-vb-has-img\">\n\t<div class=\"qodef-m-image\">\n\t<img fetchpriority=\"high\" decoding=\"async\" width=\"2048\" height=\"640\" src=\"https:\/\/www.fcimpianti.net\/wp-content\/uploads\/2024\/12\/video-cover.jpg\" class=\"attachment-full size-full\" alt=\"\" srcset=\"https:\/\/www.fcimpianti.net\/wp-content\/uploads\/2024\/12\/video-cover.jpg 2048w, https:\/\/www.fcimpianti.net\/wp-content\/uploads\/2024\/12\/video-cover-300x94.jpg 300w, https:\/\/www.fcimpianti.net\/wp-content\/uploads\/2024\/12\/video-cover-1024x320.jpg 1024w, https:\/\/www.fcimpianti.net\/wp-content\/uploads\/2024\/12\/video-cover-768x240.jpg 768w, https:\/\/www.fcimpianti.net\/wp-content\/uploads\/2024\/12\/video-cover-1536x480.jpg 1536w\" sizes=\"(max-width: 2048px) 100vw, 2048px\" \/><\/div>\t\t<a itemprop=\"url\" class=\"qodef-m-play qodef-magnific-popup qodef-popup-item\" href=\"https:\/\/www.fcimpianti.net\/wp-content\/uploads\/2024\/12\/fc-impianti.mp4\" data-type=\"iframe\">\n\t\t<span class=\"qodef-m-play-inner\" style=\"height: 60px;width: 60px\">\n            <svg xmlns=\"http:\/\/www.w3.org\/2000\/svg\" xmlns:xlink=\"http:\/\/www.w3.org\/1999\/xlink\" class=\"qodef-play-button-svg-icon\" x=\"0px\" y=\"0px\" width=\"100%\" height=\"100%\" viewBox=\"0 0 60 60\" xml:space=\"preserve\">\n                            <g><path fill=\"#FFFFFF\" d=\"M24.8,15.5L39.3,30L24.8,44.5V15.5z\"\/><\/g>\n                        <\/svg>\t\t<\/span>\n\t<\/a>\n\n\n<\/div>\t\t\t\t<\/div>\n\t\t\t\t<\/div>\n\t\t\t\t\t<\/div>\n\t\t<\/div>\n\t\t\t\t\t<\/div>\n\t\t<\/section>\n\t\t\t\t<\/div>\n\t\t","protected":false},"excerpt":{"rendered":"<p>FC Impianti FC IMPIANTI est n\u00e9e en 2000 de l&rsquo;esprit entrepreneurial de Fausto et Marco Colombo et Alessandro Gatti. Initialement structur\u00e9e comme petite entreprise quasiment familiale, FC Impianti se d\u00e9veloppe rapidement en relevant le d\u00e9fi d\u2019entreprises locales, pour lesquelles elle r\u00e9alise les premi\u00e8res lignes d&rsquo;automatisation dans le secteur des bouteilles GPL, jusqu&rsquo;\u00e0 la phase la [&hellip;]<\/p>\n","protected":false},"author":1,"featured_media":0,"parent":0,"menu_order":0,"comment_status":"closed","ping_status":"closed","template":"page-full-width.php","meta":{"footnotes":""},"class_list":["post-6426","page","type-page","status-publish","hentry"],"yoast_head":"<!-- This site is optimized with the Yoast SEO plugin v25.2 - https:\/\/yoast.com\/wordpress\/plugins\/seo\/ -->\n<title>Qui sommes-nous - FC Impianti \u2013 Progetta, realizza ed installa impianti<\/title>\n<meta name=\"robots\" content=\"index, follow, max-snippet:-1, max-image-preview:large, max-video-preview:-1\" \/>\n<link rel=\"canonical\" href=\"https:\/\/www.fcimpianti.net\/fr\/qui-sommes-nous\/\" \/>\n<meta property=\"og:locale\" content=\"fr_FR\" \/>\n<meta property=\"og:type\" content=\"article\" \/>\n<meta property=\"og:title\" content=\"Qui sommes-nous - FC Impianti \u2013 Progetta, realizza ed installa impianti\" \/>\n<meta property=\"og:description\" content=\"FC Impianti FC IMPIANTI est n\u00e9e en 2000 de l&rsquo;esprit entrepreneurial de Fausto et Marco Colombo et Alessandro Gatti. Initialement structur\u00e9e comme petite entreprise quasiment familiale, FC Impianti se d\u00e9veloppe rapidement en relevant le d\u00e9fi d\u2019entreprises locales, pour lesquelles elle r\u00e9alise les premi\u00e8res lignes d&rsquo;automatisation dans le secteur des bouteilles GPL, jusqu&rsquo;\u00e0 la phase la [&hellip;]\" \/>\n<meta property=\"og:url\" content=\"https:\/\/www.fcimpianti.net\/fr\/qui-sommes-nous\/\" \/>\n<meta property=\"og:site_name\" content=\"FC Impianti \u2013 Progetta, realizza ed installa impianti\" \/>\n<meta property=\"article:modified_time\" content=\"2025-05-27T13:00:30+00:00\" \/>\n<meta property=\"og:image\" content=\"https:\/\/www.fcimpianti.net\/wp-content\/uploads\/2024\/12\/video-cover.jpg\" \/>\n<meta name=\"twitter:card\" content=\"summary_large_image\" \/>\n<meta name=\"twitter:label1\" content=\"Dur\u00e9e de lecture estim\u00e9e\" \/>\n\t<meta name=\"twitter:data1\" content=\"2 minutes\" \/>\n<script type=\"application\/ld+json\" class=\"yoast-schema-graph\">{\"@context\":\"https:\/\/schema.org\",\"@graph\":[{\"@type\":\"WebPage\",\"@id\":\"https:\/\/www.fcimpianti.net\/fr\/qui-sommes-nous\/\",\"url\":\"https:\/\/www.fcimpianti.net\/fr\/qui-sommes-nous\/\",\"name\":\"Qui sommes-nous - FC Impianti \u2013 Progetta, realizza ed installa impianti\",\"isPartOf\":{\"@id\":\"https:\/\/www.fcimpianti.net\/#website\"},\"primaryImageOfPage\":{\"@id\":\"https:\/\/www.fcimpianti.net\/fr\/qui-sommes-nous\/#primaryimage\"},\"image\":{\"@id\":\"https:\/\/www.fcimpianti.net\/fr\/qui-sommes-nous\/#primaryimage\"},\"thumbnailUrl\":\"https:\/\/www.fcimpianti.net\/wp-content\/uploads\/2024\/12\/video-cover.jpg\",\"datePublished\":\"2020-02-18T14:10:23+00:00\",\"dateModified\":\"2025-05-27T13:00:30+00:00\",\"breadcrumb\":{\"@id\":\"https:\/\/www.fcimpianti.net\/fr\/qui-sommes-nous\/#breadcrumb\"},\"inLanguage\":\"fr-FR\",\"potentialAction\":[{\"@type\":\"ReadAction\",\"target\":[\"https:\/\/www.fcimpianti.net\/fr\/qui-sommes-nous\/\"]}]},{\"@type\":\"ImageObject\",\"inLanguage\":\"fr-FR\",\"@id\":\"https:\/\/www.fcimpianti.net\/fr\/qui-sommes-nous\/#primaryimage\",\"url\":\"https:\/\/www.fcimpianti.net\/wp-content\/uploads\/2024\/12\/video-cover.jpg\",\"contentUrl\":\"https:\/\/www.fcimpianti.net\/wp-content\/uploads\/2024\/12\/video-cover.jpg\"},{\"@type\":\"BreadcrumbList\",\"@id\":\"https:\/\/www.fcimpianti.net\/fr\/qui-sommes-nous\/#breadcrumb\",\"itemListElement\":[{\"@type\":\"ListItem\",\"position\":1,\"name\":\"Home\",\"item\":\"https:\/\/www.fcimpianti.net\/\"},{\"@type\":\"ListItem\",\"position\":2,\"name\":\"Qui sommes-nous\"}]},{\"@type\":\"WebSite\",\"@id\":\"https:\/\/www.fcimpianti.net\/#website\",\"url\":\"https:\/\/www.fcimpianti.net\/\",\"name\":\"FC Impianti\",\"description\":\"\",\"publisher\":{\"@id\":\"https:\/\/www.fcimpianti.net\/#organization\"},\"potentialAction\":[{\"@type\":\"SearchAction\",\"target\":{\"@type\":\"EntryPoint\",\"urlTemplate\":\"https:\/\/www.fcimpianti.net\/?s={search_term_string}\"},\"query-input\":{\"@type\":\"PropertyValueSpecification\",\"valueRequired\":true,\"valueName\":\"search_term_string\"}}],\"inLanguage\":\"fr-FR\"},{\"@type\":\"Organization\",\"@id\":\"https:\/\/www.fcimpianti.net\/#organization\",\"name\":\"FC Impianti\",\"url\":\"https:\/\/www.fcimpianti.net\/\",\"logo\":{\"@type\":\"ImageObject\",\"inLanguage\":\"fr-FR\",\"@id\":\"https:\/\/www.fcimpianti.net\/#\/schema\/logo\/image\/\",\"url\":\"https:\/\/www.fcimpianti.net\/wp-content\/uploads\/2025\/05\/cropped-favicon.jpg\",\"contentUrl\":\"https:\/\/www.fcimpianti.net\/wp-content\/uploads\/2025\/05\/cropped-favicon.jpg\",\"width\":512,\"height\":512,\"caption\":\"FC Impianti\"},\"image\":{\"@id\":\"https:\/\/www.fcimpianti.net\/#\/schema\/logo\/image\/\"}}]}<\/script>\n<!-- \/ Yoast SEO plugin. -->","yoast_head_json":{"title":"Qui sommes-nous - FC Impianti \u2013 Progetta, realizza ed installa impianti","robots":{"index":"index","follow":"follow","max-snippet":"max-snippet:-1","max-image-preview":"max-image-preview:large","max-video-preview":"max-video-preview:-1"},"canonical":"https:\/\/www.fcimpianti.net\/fr\/qui-sommes-nous\/","og_locale":"fr_FR","og_type":"article","og_title":"Qui sommes-nous - FC Impianti \u2013 Progetta, realizza ed installa impianti","og_description":"FC Impianti FC IMPIANTI est n\u00e9e en 2000 de l&rsquo;esprit entrepreneurial de Fausto et Marco Colombo et Alessandro Gatti. Initialement structur\u00e9e comme petite entreprise quasiment familiale, FC Impianti se d\u00e9veloppe rapidement en relevant le d\u00e9fi d\u2019entreprises locales, pour lesquelles elle r\u00e9alise les premi\u00e8res lignes d&rsquo;automatisation dans le secteur des bouteilles GPL, jusqu&rsquo;\u00e0 la phase la [&hellip;]","og_url":"https:\/\/www.fcimpianti.net\/fr\/qui-sommes-nous\/","og_site_name":"FC Impianti \u2013 Progetta, realizza ed installa impianti","article_modified_time":"2025-05-27T13:00:30+00:00","og_image":[{"url":"https:\/\/www.fcimpianti.net\/wp-content\/uploads\/2024\/12\/video-cover.jpg","type":"","width":"","height":""}],"twitter_card":"summary_large_image","twitter_misc":{"Dur\u00e9e de lecture estim\u00e9e":"2 minutes"},"schema":{"@context":"https:\/\/schema.org","@graph":[{"@type":"WebPage","@id":"https:\/\/www.fcimpianti.net\/fr\/qui-sommes-nous\/","url":"https:\/\/www.fcimpianti.net\/fr\/qui-sommes-nous\/","name":"Qui sommes-nous - FC Impianti \u2013 Progetta, realizza ed installa impianti","isPartOf":{"@id":"https:\/\/www.fcimpianti.net\/#website"},"primaryImageOfPage":{"@id":"https:\/\/www.fcimpianti.net\/fr\/qui-sommes-nous\/#primaryimage"},"image":{"@id":"https:\/\/www.fcimpianti.net\/fr\/qui-sommes-nous\/#primaryimage"},"thumbnailUrl":"https:\/\/www.fcimpianti.net\/wp-content\/uploads\/2024\/12\/video-cover.jpg","datePublished":"2020-02-18T14:10:23+00:00","dateModified":"2025-05-27T13:00:30+00:00","breadcrumb":{"@id":"https:\/\/www.fcimpianti.net\/fr\/qui-sommes-nous\/#breadcrumb"},"inLanguage":"fr-FR","potentialAction":[{"@type":"ReadAction","target":["https:\/\/www.fcimpianti.net\/fr\/qui-sommes-nous\/"]}]},{"@type":"ImageObject","inLanguage":"fr-FR","@id":"https:\/\/www.fcimpianti.net\/fr\/qui-sommes-nous\/#primaryimage","url":"https:\/\/www.fcimpianti.net\/wp-content\/uploads\/2024\/12\/video-cover.jpg","contentUrl":"https:\/\/www.fcimpianti.net\/wp-content\/uploads\/2024\/12\/video-cover.jpg"},{"@type":"BreadcrumbList","@id":"https:\/\/www.fcimpianti.net\/fr\/qui-sommes-nous\/#breadcrumb","itemListElement":[{"@type":"ListItem","position":1,"name":"Home","item":"https:\/\/www.fcimpianti.net\/"},{"@type":"ListItem","position":2,"name":"Qui sommes-nous"}]},{"@type":"WebSite","@id":"https:\/\/www.fcimpianti.net\/#website","url":"https:\/\/www.fcimpianti.net\/","name":"FC Impianti","description":"","publisher":{"@id":"https:\/\/www.fcimpianti.net\/#organization"},"potentialAction":[{"@type":"SearchAction","target":{"@type":"EntryPoint","urlTemplate":"https:\/\/www.fcimpianti.net\/?s={search_term_string}"},"query-input":{"@type":"PropertyValueSpecification","valueRequired":true,"valueName":"search_term_string"}}],"inLanguage":"fr-FR"},{"@type":"Organization","@id":"https:\/\/www.fcimpianti.net\/#organization","name":"FC Impianti","url":"https:\/\/www.fcimpianti.net\/","logo":{"@type":"ImageObject","inLanguage":"fr-FR","@id":"https:\/\/www.fcimpianti.net\/#\/schema\/logo\/image\/","url":"https:\/\/www.fcimpianti.net\/wp-content\/uploads\/2025\/05\/cropped-favicon.jpg","contentUrl":"https:\/\/www.fcimpianti.net\/wp-content\/uploads\/2025\/05\/cropped-favicon.jpg","width":512,"height":512,"caption":"FC Impianti"},"image":{"@id":"https:\/\/www.fcimpianti.net\/#\/schema\/logo\/image\/"}}]}},"_links":{"self":[{"href":"https:\/\/www.fcimpianti.net\/fr\/wp-json\/wp\/v2\/pages\/6426","targetHints":{"allow":["GET"]}}],"collection":[{"href":"https:\/\/www.fcimpianti.net\/fr\/wp-json\/wp\/v2\/pages"}],"about":[{"href":"https:\/\/www.fcimpianti.net\/fr\/wp-json\/wp\/v2\/types\/page"}],"author":[{"embeddable":true,"href":"https:\/\/www.fcimpianti.net\/fr\/wp-json\/wp\/v2\/users\/1"}],"replies":[{"embeddable":true,"href":"https:\/\/www.fcimpianti.net\/fr\/wp-json\/wp\/v2\/comments?post=6426"}],"version-history":[{"count":10,"href":"https:\/\/www.fcimpianti.net\/fr\/wp-json\/wp\/v2\/pages\/6426\/revisions"}],"predecessor-version":[{"id":6846,"href":"https:\/\/www.fcimpianti.net\/fr\/wp-json\/wp\/v2\/pages\/6426\/revisions\/6846"}],"wp:attachment":[{"href":"https:\/\/www.fcimpianti.net\/fr\/wp-json\/wp\/v2\/media?parent=6426"}],"curies":[{"name":"wp","href":"https:\/\/api.w.org\/{rel}","templated":true}]}}