{"id":6416,"date":"2020-02-20T12:12:52","date_gmt":"2020-02-20T11:12:52","guid":{"rendered":"https:\/\/www.fcimpianti.net\/movimentazione\/"},"modified":"2025-04-16T16:06:35","modified_gmt":"2025-04-16T14:06:35","slug":"manutention","status":"publish","type":"page","link":"https:\/\/www.fcimpianti.net\/fr\/manutention\/","title":{"rendered":"Manutention"},"content":{"rendered":"\t\t<div data-elementor-type=\"wp-page\" data-elementor-id=\"6416\" class=\"elementor elementor-6416 elementor-2591\">\n\t\t\t\t\t\t<section class=\"elementor-section elementor-top-section elementor-element elementor-element-c287a24 elementor-section-full_width elementor-section-height-default elementor-section-height-default qodef-elementor-content-no\" data-id=\"c287a24\" data-element_type=\"section\">\n\t\t\t\t\t\t<div class=\"elementor-container elementor-column-gap-default\">\n\t\t\t\t\t<div class=\"elementor-column elementor-col-100 elementor-top-column elementor-element elementor-element-4aee171\" data-id=\"4aee171\" data-element_type=\"column\">\n\t\t\t<div class=\"elementor-widget-wrap elementor-element-populated\">\n\t\t\t\t\t\t<div class=\"elementor-element elementor-element-30adb17 elementor-widget elementor-widget-stal_core_holder_with_image\" data-id=\"30adb17\" data-element_type=\"widget\" data-widget_type=\"stal_core_holder_with_image.default\">\n\t\t\t\t<div class=\"elementor-widget-container\">\n\t\t\t\t\t<div class=\"qodef-shortcode qodef-m  qodef-holder-with-image qodef-layout--image-left qodef-disable-below--1024 qodef-appear-animation-enabled--no\" >\n\t<div class=\"qodef-m-inner\">\n\t\t<img decoding=\"async\" class=\"qodef-m-image\" src=\"https:\/\/www.fcimpianti.net\/wp-content\/uploads\/2024\/10\/02-7.jpg\" alt=\"\"  \/>\t\t<div class=\"qodef-m-content\" >\n\t\t\t<div data-elementor-type=\"section\" data-elementor-id=\"6334\" class=\"elementor elementor-6334 elementor-6201\">\n\t\t\t\t\t\t<section class=\"elementor-section elementor-top-section elementor-element elementor-element-df80563 qodef-elementor-content-grid elementor-section-full_width elementor-section-height-default elementor-section-height-default\" data-id=\"df80563\" data-element_type=\"section\">\n\t\t\t\t\t\t<div class=\"elementor-container elementor-column-gap-default\">\n\t\t\t\t\t<div class=\"elementor-column elementor-col-50 elementor-top-column elementor-element elementor-element-8edbea5\" data-id=\"8edbea5\" data-element_type=\"column\">\n\t\t\t<div class=\"elementor-widget-wrap elementor-element-populated\">\n\t\t\t\t\t\t<div class=\"elementor-element elementor-element-a4df636 elementor-widget elementor-widget-stal_core_section_title\" data-id=\"a4df636\" data-element_type=\"widget\" data-widget_type=\"stal_core_section_title.default\">\n\t\t\t\t<div class=\"elementor-widget-container\">\n\t\t\t\t\t<div class=\"qodef-shortcode qodef-m  qodef-section-title qodef-alignment--left  \">\n\t\t<div class=\"qodef-m-title-wrap\">\n\t\t<h2 class=\"qodef-m-title\" >\n\t\t\t\t\tBandes de transport\t\t\t<\/h2>\n\t\n\t<\/div>\n\t\t<p class=\"qodef-m-text\" style=\"margin-top: 20px;font-size: 19px;line-height: 30px\">Bandes de transport industrielles pour tous les secteurs des marchandises, des fonderies au secteur alimentaire.\nPossibilit\u00e9 de syst\u00e8mes modulaires complets ou de simples unit\u00e9s \u00e0 int\u00e9grer \u00e0 des syst\u00e8mes existants.\n<\/p>\n<\/div>\t\t\t\t<\/div>\n\t\t\t\t<\/div>\n\t\t\t\t\t<\/div>\n\t\t<\/div>\n\t\t\t\t<div class=\"elementor-column elementor-col-50 elementor-top-column elementor-element elementor-element-d280105\" data-id=\"d280105\" data-element_type=\"column\">\n\t\t\t<div class=\"elementor-widget-wrap\">\n\t\t\t\t\t\t\t<\/div>\n\t\t<\/div>\n\t\t\t\t\t<\/div>\n\t\t<\/section>\n\t\t\t\t<\/div>\n\t\t<\/div>\n\t<\/div>\n<\/div>\t\t\t\t<\/div>\n\t\t\t\t<\/div>\n\t\t\t\t\t<\/div>\n\t\t<\/div>\n\t\t\t\t\t<\/div>\n\t\t<\/section>\n\t\t\t\t<section class=\"elementor-section elementor-top-section elementor-element elementor-element-d6db86f elementor-section-full_width elementor-section-height-default elementor-section-height-default qodef-elementor-content-no\" data-id=\"d6db86f\" data-element_type=\"section\">\n\t\t\t\t\t\t<div class=\"elementor-container elementor-column-gap-default\">\n\t\t\t\t\t<div class=\"elementor-column elementor-col-100 elementor-top-column elementor-element elementor-element-3c8ca6d\" data-id=\"3c8ca6d\" data-element_type=\"column\">\n\t\t\t<div class=\"elementor-widget-wrap elementor-element-populated\">\n\t\t\t\t\t\t<div class=\"elementor-element elementor-element-93a26e9 elementor-widget elementor-widget-stal_core_holder_with_image\" data-id=\"93a26e9\" data-element_type=\"widget\" data-widget_type=\"stal_core_holder_with_image.default\">\n\t\t\t\t<div class=\"elementor-widget-container\">\n\t\t\t\t\t<div class=\"qodef-shortcode qodef-m  qodef-holder-with-image qodef-layout--image-right qodef-disable-below--1024 qodef-appear-animation-enabled--no\" >\n\t<div class=\"qodef-m-inner\">\n\t\t<div class=\"qodef-m-content\" >\n\t\t\t<div data-elementor-type=\"section\" data-elementor-id=\"6450\" class=\"elementor elementor-6450 elementor-181\">\n\t\t\t\t\t\t<section class=\"elementor-section elementor-top-section elementor-element elementor-element-df80563 qodef-elementor-content-grid elementor-section-full_width elementor-section-height-default elementor-section-height-default\" data-id=\"df80563\" data-element_type=\"section\">\n\t\t\t\t\t\t<div class=\"elementor-container elementor-column-gap-default\">\n\t\t\t\t\t<div class=\"elementor-column elementor-col-50 elementor-top-column elementor-element elementor-element-8edbea5\" data-id=\"8edbea5\" data-element_type=\"column\">\n\t\t\t<div class=\"elementor-widget-wrap elementor-element-populated\">\n\t\t\t\t\t\t<div class=\"elementor-element elementor-element-a4df636 elementor-widget elementor-widget-stal_core_section_title\" data-id=\"a4df636\" data-element_type=\"widget\" data-widget_type=\"stal_core_section_title.default\">\n\t\t\t\t<div class=\"elementor-widget-container\">\n\t\t\t\t\t<div class=\"qodef-shortcode qodef-m  qodef-section-title qodef-alignment--left  \">\n\t\t<div class=\"qodef-m-title-wrap\">\n\t\t<h2 class=\"qodef-m-title\" >\n\t\t\t\t\tConvoyeurs \u00e0 lattes \u2013 Apron\t\t\t<\/h2>\n\t\n\t<\/div>\n\t\t<p class=\"qodef-m-text\" style=\"margin-top: 20px;font-size: 19px;line-height: 30px\">Convoyeurs \u00e0 lattes m\u00e9talliques \u00e0 chevauchement ou \u00e0 charni\u00e8res con\u00e7us pour s&#039;adapter \u00e0 tous les types de produits qui requi\u00e8rent une manutention dans des environnements difficiles et des conditions de travail intensives comme les fonderies ou les \u00e9vacuateurs de copeaux pour machines-outils.<\/p>\n<\/div>\t\t\t\t<\/div>\n\t\t\t\t<\/div>\n\t\t\t\t\t<\/div>\n\t\t<\/div>\n\t\t\t\t<div class=\"elementor-column elementor-col-50 elementor-top-column elementor-element elementor-element-d280105\" data-id=\"d280105\" data-element_type=\"column\">\n\t\t\t<div class=\"elementor-widget-wrap\">\n\t\t\t\t\t\t\t<\/div>\n\t\t<\/div>\n\t\t\t\t\t<\/div>\n\t\t<\/section>\n\t\t\t\t<\/div>\n\t\t<\/div>\n\t\t<img decoding=\"async\" class=\"qodef-m-image\" src=\"https:\/\/www.fcimpianti.net\/wp-content\/uploads\/2024\/10\/01-7.jpg\" alt=\"\"  \/>\t<\/div>\n<\/div>\t\t\t\t<\/div>\n\t\t\t\t<\/div>\n\t\t\t\t\t<\/div>\n\t\t<\/div>\n\t\t\t\t\t<\/div>\n\t\t<\/section>\n\t\t\t\t<section class=\"elementor-section elementor-top-section elementor-element elementor-element-3bacc2c elementor-section-full_width elementor-section-height-default elementor-section-height-default qodef-elementor-content-no\" data-id=\"3bacc2c\" data-element_type=\"section\">\n\t\t\t\t\t\t<div class=\"elementor-container elementor-column-gap-default\">\n\t\t\t\t\t<div class=\"elementor-column elementor-col-100 elementor-top-column elementor-element elementor-element-3beabb1\" data-id=\"3beabb1\" data-element_type=\"column\">\n\t\t\t<div class=\"elementor-widget-wrap elementor-element-populated\">\n\t\t\t\t\t\t<div class=\"elementor-element elementor-element-778f4ae elementor-widget elementor-widget-stal_core_holder_with_image\" data-id=\"778f4ae\" data-element_type=\"widget\" data-widget_type=\"stal_core_holder_with_image.default\">\n\t\t\t\t<div class=\"elementor-widget-container\">\n\t\t\t\t\t<div class=\"qodef-shortcode qodef-m  qodef-holder-with-image qodef-layout--image-right qodef-disable-below--1024 qodef-appear-animation-enabled--no\" >\n\t<div class=\"qodef-m-inner\">\n\t\t<div class=\"qodef-m-content\" >\n\t\t\t<div data-elementor-type=\"section\" data-elementor-id=\"6330\" class=\"elementor elementor-6330 elementor-6218\">\n\t\t\t\t\t\t<section class=\"elementor-section elementor-top-section elementor-element elementor-element-df80563 qodef-elementor-content-grid elementor-section-full_width elementor-section-height-default elementor-section-height-default\" data-id=\"df80563\" data-element_type=\"section\">\n\t\t\t\t\t\t<div class=\"elementor-container elementor-column-gap-default\">\n\t\t\t\t\t<div class=\"elementor-column elementor-col-50 elementor-top-column elementor-element elementor-element-8edbea5\" data-id=\"8edbea5\" data-element_type=\"column\">\n\t\t\t<div class=\"elementor-widget-wrap elementor-element-populated\">\n\t\t\t\t\t\t<div class=\"elementor-element elementor-element-a4df636 elementor-widget elementor-widget-stal_core_section_title\" data-id=\"a4df636\" data-element_type=\"widget\" data-widget_type=\"stal_core_section_title.default\">\n\t\t\t\t<div class=\"elementor-widget-container\">\n\t\t\t\t\t<div class=\"qodef-shortcode qodef-m  qodef-section-title qodef-alignment--left  \">\n\t\t<div class=\"qodef-m-title-wrap\">\n\t\t<h2 class=\"qodef-m-title\" >\n\t\t\t\t\tConvoyeurs \u00e0 rouleaux\t\t\t<\/h2>\n\t\n\t<\/div>\n\t\t<p class=\"qodef-m-text\" style=\"margin-top: 20px;font-size: 19px;line-height: 30px\">Convoyeurs motoris\u00e9s ou par gravit\u00e9 comprenant des automatismes pour la manutention et la gestion des produits.\nD\u00e9velopp\u00e9s avec des rouleaux pour s\u00e9rie lourde ou l\u00e9g\u00e8re, et avec des composants sp\u00e9cifiquement con\u00e7us \u00e0 partir des sp\u00e9cifications du client.\n<\/p>\n<\/div>\t\t\t\t<\/div>\n\t\t\t\t<\/div>\n\t\t\t\t\t<\/div>\n\t\t<\/div>\n\t\t\t\t<div class=\"elementor-column elementor-col-50 elementor-top-column elementor-element elementor-element-d280105\" data-id=\"d280105\" data-element_type=\"column\">\n\t\t\t<div class=\"elementor-widget-wrap\">\n\t\t\t\t\t\t\t<\/div>\n\t\t<\/div>\n\t\t\t\t\t<\/div>\n\t\t<\/section>\n\t\t\t\t<\/div>\n\t\t<\/div>\n\t\t<img decoding=\"async\" class=\"qodef-m-image\" src=\"https:\/\/www.fcimpianti.net\/wp-content\/uploads\/2024\/10\/04-4.jpg\" alt=\"\"  \/>\t<\/div>\n<\/div>\t\t\t\t<\/div>\n\t\t\t\t<\/div>\n\t\t\t\t\t<\/div>\n\t\t<\/div>\n\t\t\t\t\t<\/div>\n\t\t<\/section>\n\t\t\t\t<section class=\"elementor-section elementor-top-section elementor-element elementor-element-df18623 elementor-section-full_width elementor-section-height-default elementor-section-height-default qodef-elementor-content-no\" data-id=\"df18623\" data-element_type=\"section\">\n\t\t\t\t\t\t<div class=\"elementor-container elementor-column-gap-default\">\n\t\t\t\t\t<div class=\"elementor-column elementor-col-100 elementor-top-column elementor-element elementor-element-87f4377\" data-id=\"87f4377\" data-element_type=\"column\">\n\t\t\t<div class=\"elementor-widget-wrap elementor-element-populated\">\n\t\t\t\t\t\t<div class=\"elementor-element elementor-element-a4f8f8a elementor-widget elementor-widget-stal_core_holder_with_image\" data-id=\"a4f8f8a\" data-element_type=\"widget\" data-widget_type=\"stal_core_holder_with_image.default\">\n\t\t\t\t<div class=\"elementor-widget-container\">\n\t\t\t\t\t<div class=\"qodef-shortcode qodef-m  qodef-holder-with-image qodef-layout--image-left qodef-disable-below--1024 qodef-appear-animation-enabled--no\" >\n\t<div class=\"qodef-m-inner\">\n\t\t<img decoding=\"async\" class=\"qodef-m-image\" src=\"https:\/\/www.fcimpianti.net\/wp-content\/uploads\/2024\/10\/03-6.jpg\" alt=\"\"  \/>\t\t<div class=\"qodef-m-content\" >\n\t\t\t<div data-elementor-type=\"section\" data-elementor-id=\"6328\" class=\"elementor elementor-6328 elementor-6250\">\n\t\t\t\t\t\t<section class=\"elementor-section elementor-top-section elementor-element elementor-element-df80563 qodef-elementor-content-grid elementor-section-full_width elementor-section-height-default elementor-section-height-default\" data-id=\"df80563\" data-element_type=\"section\">\n\t\t\t\t\t\t<div class=\"elementor-container elementor-column-gap-default\">\n\t\t\t\t\t<div class=\"elementor-column elementor-col-50 elementor-top-column elementor-element elementor-element-8edbea5\" data-id=\"8edbea5\" data-element_type=\"column\">\n\t\t\t<div class=\"elementor-widget-wrap elementor-element-populated\">\n\t\t\t\t\t\t<div class=\"elementor-element elementor-element-a4df636 elementor-widget elementor-widget-stal_core_section_title\" data-id=\"a4df636\" data-element_type=\"widget\" data-widget_type=\"stal_core_section_title.default\">\n\t\t\t\t<div class=\"elementor-widget-container\">\n\t\t\t\t\t<div class=\"qodef-shortcode qodef-m  qodef-section-title qodef-alignment--left  \">\n\t\t<div class=\"qodef-m-title-wrap\">\n\t\t<h2 class=\"qodef-m-title\" >\n\t\t\t\t\tConvoyeurs \u00e0 cha\u00eene\t\t\t<\/h2>\n\t\n\t<\/div>\n\t\t<p class=\"qodef-m-text\" style=\"margin-top: 20px;font-size: 19px;line-height: 30px\">Convoyeurs \u00e0 cha\u00eene pour la manutention de produits avec ou sans palettes, caract\u00e9ris\u00e9s par une excellente souplesse pour s&#039;adapter \u00e0 tous les environnements.\nLeur forme structurelle permet l&#039;int\u00e9gration de machines automatiques ou de postes op\u00e9rateur pour le d\u00e9roulement des travaux le long de la ligne de production.\n<\/p>\n<\/div>\t\t\t\t<\/div>\n\t\t\t\t<\/div>\n\t\t\t\t\t<\/div>\n\t\t<\/div>\n\t\t\t\t<div class=\"elementor-column elementor-col-50 elementor-top-column elementor-element elementor-element-d280105\" data-id=\"d280105\" data-element_type=\"column\">\n\t\t\t<div class=\"elementor-widget-wrap\">\n\t\t\t\t\t\t\t<\/div>\n\t\t<\/div>\n\t\t\t\t\t<\/div>\n\t\t<\/section>\n\t\t\t\t<\/div>\n\t\t<\/div>\n\t<\/div>\n<\/div>\t\t\t\t<\/div>\n\t\t\t\t<\/div>\n\t\t\t\t\t<\/div>\n\t\t<\/div>\n\t\t\t\t\t<\/div>\n\t\t<\/section>\n\t\t\t\t<\/div>\n\t\t","protected":false},"excerpt":{"rendered":"<p>Bandes de transport Bandes de transport industrielles pour tous les secteurs des marchandises, des fonderies au secteur alimentaire. Possibilit\u00e9 de syst\u00e8mes modulaires complets ou de simples unit\u00e9s \u00e0 int\u00e9grer \u00e0 des syst\u00e8mes existants. Convoyeurs \u00e0 lattes \u2013 Apron Convoyeurs \u00e0 lattes m\u00e9talliques \u00e0 chevauchement ou \u00e0 charni\u00e8res con\u00e7us pour s&#039;adapter \u00e0 tous les types de [&hellip;]<\/p>\n","protected":false},"author":1,"featured_media":0,"parent":0,"menu_order":0,"comment_status":"closed","ping_status":"closed","template":"page-full-width.php","meta":{"footnotes":""},"class_list":["post-6416","page","type-page","status-publish","hentry"],"yoast_head":"<!-- This site is optimized with the Yoast SEO plugin v25.2 - https:\/\/yoast.com\/wordpress\/plugins\/seo\/ -->\n<title>Manutention - FC Impianti \u2013 Progetta, realizza ed installa impianti<\/title>\n<meta name=\"robots\" content=\"index, follow, max-snippet:-1, max-image-preview:large, max-video-preview:-1\" \/>\n<link rel=\"canonical\" href=\"https:\/\/www.fcimpianti.net\/movimentazione\/\" \/>\n<meta property=\"og:locale\" content=\"fr_FR\" \/>\n<meta property=\"og:type\" content=\"article\" \/>\n<meta property=\"og:title\" content=\"Manutention - FC Impianti \u2013 Progetta, realizza ed installa impianti\" \/>\n<meta property=\"og:description\" content=\"Bandes de transport Bandes de transport industrielles pour tous les secteurs des marchandises, des fonderies au secteur alimentaire. Possibilit\u00e9 de syst\u00e8mes modulaires complets ou de simples unit\u00e9s \u00e0 int\u00e9grer \u00e0 des syst\u00e8mes existants. Convoyeurs \u00e0 lattes \u2013 Apron Convoyeurs \u00e0 lattes m\u00e9talliques \u00e0 chevauchement ou \u00e0 charni\u00e8res con\u00e7us pour s&#039;adapter \u00e0 tous les types de [&hellip;]\" \/>\n<meta property=\"og:url\" content=\"https:\/\/www.fcimpianti.net\/movimentazione\/\" \/>\n<meta property=\"og:site_name\" content=\"FC Impianti \u2013 Progetta, realizza ed installa impianti\" \/>\n<meta property=\"article:modified_time\" content=\"2025-04-16T14:06:35+00:00\" \/>\n<meta property=\"og:image\" content=\"https:\/\/www.fcimpianti.net\/wp-content\/uploads\/2024\/10\/02-7.jpg\" \/>\n<meta name=\"twitter:card\" content=\"summary_large_image\" \/>\n<meta name=\"twitter:label1\" content=\"Dur\u00e9e de lecture estim\u00e9e\" \/>\n\t<meta name=\"twitter:data1\" content=\"1 minute\" \/>\n<script type=\"application\/ld+json\" class=\"yoast-schema-graph\">{\"@context\":\"https:\/\/schema.org\",\"@graph\":[{\"@type\":\"WebPage\",\"@id\":\"https:\/\/www.fcimpianti.net\/movimentazione\/\",\"url\":\"https:\/\/www.fcimpianti.net\/movimentazione\/\",\"name\":\"Manutention - FC Impianti \u2013 Progetta, realizza ed installa impianti\",\"isPartOf\":{\"@id\":\"https:\/\/www.fcimpianti.net\/#website\"},\"primaryImageOfPage\":{\"@id\":\"https:\/\/www.fcimpianti.net\/movimentazione\/#primaryimage\"},\"image\":{\"@id\":\"https:\/\/www.fcimpianti.net\/movimentazione\/#primaryimage\"},\"thumbnailUrl\":\"https:\/\/www.fcimpianti.net\/wp-content\/uploads\/2024\/10\/02-7.jpg\",\"datePublished\":\"2020-02-20T11:12:52+00:00\",\"dateModified\":\"2025-04-16T14:06:35+00:00\",\"breadcrumb\":{\"@id\":\"https:\/\/www.fcimpianti.net\/movimentazione\/#breadcrumb\"},\"inLanguage\":\"fr-FR\",\"potentialAction\":[{\"@type\":\"ReadAction\",\"target\":[\"https:\/\/www.fcimpianti.net\/movimentazione\/\"]}]},{\"@type\":\"ImageObject\",\"inLanguage\":\"fr-FR\",\"@id\":\"https:\/\/www.fcimpianti.net\/movimentazione\/#primaryimage\",\"url\":\"https:\/\/www.fcimpianti.net\/wp-content\/uploads\/2024\/10\/02-7.jpg\",\"contentUrl\":\"https:\/\/www.fcimpianti.net\/wp-content\/uploads\/2024\/10\/02-7.jpg\"},{\"@type\":\"BreadcrumbList\",\"@id\":\"https:\/\/www.fcimpianti.net\/movimentazione\/#breadcrumb\",\"itemListElement\":[{\"@type\":\"ListItem\",\"position\":1,\"name\":\"Home\",\"item\":\"https:\/\/www.fcimpianti.net\/\"},{\"@type\":\"ListItem\",\"position\":2,\"name\":\"Manutention\"}]},{\"@type\":\"WebSite\",\"@id\":\"https:\/\/www.fcimpianti.net\/#website\",\"url\":\"https:\/\/www.fcimpianti.net\/\",\"name\":\"FC Impianti\",\"description\":\"\",\"publisher\":{\"@id\":\"https:\/\/www.fcimpianti.net\/#organization\"},\"potentialAction\":[{\"@type\":\"SearchAction\",\"target\":{\"@type\":\"EntryPoint\",\"urlTemplate\":\"https:\/\/www.fcimpianti.net\/?s={search_term_string}\"},\"query-input\":{\"@type\":\"PropertyValueSpecification\",\"valueRequired\":true,\"valueName\":\"search_term_string\"}}],\"inLanguage\":\"fr-FR\"},{\"@type\":\"Organization\",\"@id\":\"https:\/\/www.fcimpianti.net\/#organization\",\"name\":\"FC Impianti\",\"url\":\"https:\/\/www.fcimpianti.net\/\",\"logo\":{\"@type\":\"ImageObject\",\"inLanguage\":\"fr-FR\",\"@id\":\"https:\/\/www.fcimpianti.net\/#\/schema\/logo\/image\/\",\"url\":\"https:\/\/www.fcimpianti.net\/wp-content\/uploads\/2025\/05\/cropped-favicon.jpg\",\"contentUrl\":\"https:\/\/www.fcimpianti.net\/wp-content\/uploads\/2025\/05\/cropped-favicon.jpg\",\"width\":512,\"height\":512,\"caption\":\"FC Impianti\"},\"image\":{\"@id\":\"https:\/\/www.fcimpianti.net\/#\/schema\/logo\/image\/\"}}]}<\/script>\n<!-- \/ Yoast SEO plugin. -->","yoast_head_json":{"title":"Manutention - FC Impianti \u2013 Progetta, realizza ed installa impianti","robots":{"index":"index","follow":"follow","max-snippet":"max-snippet:-1","max-image-preview":"max-image-preview:large","max-video-preview":"max-video-preview:-1"},"canonical":"https:\/\/www.fcimpianti.net\/movimentazione\/","og_locale":"fr_FR","og_type":"article","og_title":"Manutention - FC Impianti \u2013 Progetta, realizza ed installa impianti","og_description":"Bandes de transport Bandes de transport industrielles pour tous les secteurs des marchandises, des fonderies au secteur alimentaire. Possibilit\u00e9 de syst\u00e8mes modulaires complets ou de simples unit\u00e9s \u00e0 int\u00e9grer \u00e0 des syst\u00e8mes existants. Convoyeurs \u00e0 lattes \u2013 Apron Convoyeurs \u00e0 lattes m\u00e9talliques \u00e0 chevauchement ou \u00e0 charni\u00e8res con\u00e7us pour s&#039;adapter \u00e0 tous les types de [&hellip;]","og_url":"https:\/\/www.fcimpianti.net\/movimentazione\/","og_site_name":"FC Impianti \u2013 Progetta, realizza ed installa impianti","article_modified_time":"2025-04-16T14:06:35+00:00","og_image":[{"url":"https:\/\/www.fcimpianti.net\/wp-content\/uploads\/2024\/10\/02-7.jpg","type":"","width":"","height":""}],"twitter_card":"summary_large_image","twitter_misc":{"Dur\u00e9e de lecture estim\u00e9e":"1 minute"},"schema":{"@context":"https:\/\/schema.org","@graph":[{"@type":"WebPage","@id":"https:\/\/www.fcimpianti.net\/movimentazione\/","url":"https:\/\/www.fcimpianti.net\/movimentazione\/","name":"Manutention - FC Impianti \u2013 Progetta, realizza ed installa impianti","isPartOf":{"@id":"https:\/\/www.fcimpianti.net\/#website"},"primaryImageOfPage":{"@id":"https:\/\/www.fcimpianti.net\/movimentazione\/#primaryimage"},"image":{"@id":"https:\/\/www.fcimpianti.net\/movimentazione\/#primaryimage"},"thumbnailUrl":"https:\/\/www.fcimpianti.net\/wp-content\/uploads\/2024\/10\/02-7.jpg","datePublished":"2020-02-20T11:12:52+00:00","dateModified":"2025-04-16T14:06:35+00:00","breadcrumb":{"@id":"https:\/\/www.fcimpianti.net\/movimentazione\/#breadcrumb"},"inLanguage":"fr-FR","potentialAction":[{"@type":"ReadAction","target":["https:\/\/www.fcimpianti.net\/movimentazione\/"]}]},{"@type":"ImageObject","inLanguage":"fr-FR","@id":"https:\/\/www.fcimpianti.net\/movimentazione\/#primaryimage","url":"https:\/\/www.fcimpianti.net\/wp-content\/uploads\/2024\/10\/02-7.jpg","contentUrl":"https:\/\/www.fcimpianti.net\/wp-content\/uploads\/2024\/10\/02-7.jpg"},{"@type":"BreadcrumbList","@id":"https:\/\/www.fcimpianti.net\/movimentazione\/#breadcrumb","itemListElement":[{"@type":"ListItem","position":1,"name":"Home","item":"https:\/\/www.fcimpianti.net\/"},{"@type":"ListItem","position":2,"name":"Manutention"}]},{"@type":"WebSite","@id":"https:\/\/www.fcimpianti.net\/#website","url":"https:\/\/www.fcimpianti.net\/","name":"FC Impianti","description":"","publisher":{"@id":"https:\/\/www.fcimpianti.net\/#organization"},"potentialAction":[{"@type":"SearchAction","target":{"@type":"EntryPoint","urlTemplate":"https:\/\/www.fcimpianti.net\/?s={search_term_string}"},"query-input":{"@type":"PropertyValueSpecification","valueRequired":true,"valueName":"search_term_string"}}],"inLanguage":"fr-FR"},{"@type":"Organization","@id":"https:\/\/www.fcimpianti.net\/#organization","name":"FC Impianti","url":"https:\/\/www.fcimpianti.net\/","logo":{"@type":"ImageObject","inLanguage":"fr-FR","@id":"https:\/\/www.fcimpianti.net\/#\/schema\/logo\/image\/","url":"https:\/\/www.fcimpianti.net\/wp-content\/uploads\/2025\/05\/cropped-favicon.jpg","contentUrl":"https:\/\/www.fcimpianti.net\/wp-content\/uploads\/2025\/05\/cropped-favicon.jpg","width":512,"height":512,"caption":"FC Impianti"},"image":{"@id":"https:\/\/www.fcimpianti.net\/#\/schema\/logo\/image\/"}}]}},"_links":{"self":[{"href":"https:\/\/www.fcimpianti.net\/fr\/wp-json\/wp\/v2\/pages\/6416","targetHints":{"allow":["GET"]}}],"collection":[{"href":"https:\/\/www.fcimpianti.net\/fr\/wp-json\/wp\/v2\/pages"}],"about":[{"href":"https:\/\/www.fcimpianti.net\/fr\/wp-json\/wp\/v2\/types\/page"}],"author":[{"embeddable":true,"href":"https:\/\/www.fcimpianti.net\/fr\/wp-json\/wp\/v2\/users\/1"}],"replies":[{"embeddable":true,"href":"https:\/\/www.fcimpianti.net\/fr\/wp-json\/wp\/v2\/comments?post=6416"}],"version-history":[{"count":21,"href":"https:\/\/www.fcimpianti.net\/fr\/wp-json\/wp\/v2\/pages\/6416\/revisions"}],"predecessor-version":[{"id":7040,"href":"https:\/\/www.fcimpianti.net\/fr\/wp-json\/wp\/v2\/pages\/6416\/revisions\/7040"}],"wp:attachment":[{"href":"https:\/\/www.fcimpianti.net\/fr\/wp-json\/wp\/v2\/media?parent=6416"}],"curies":[{"name":"wp","href":"https:\/\/api.w.org\/{rel}","templated":true}]}}